{"id":96,"date":"2020-12-21T17:38:47","date_gmt":"2020-12-21T16:38:47","guid":{"rendered":"https:\/\/www.cso.finance\/?page_id=96"},"modified":"2021-01-17T18:50:15","modified_gmt":"2021-01-17T17:50:15","slug":"nos-interventions","status":"publish","type":"page","link":"https:\/\/www.cso.finance\/index.php\/nos-interventions\/","title":{"rendered":"Nos Interventions"},"content":{"rendered":"<p>[et_pb_section fb_built=\u00a0\u00bb1&Prime; fullwidth=\u00a0\u00bbon\u00a0\u00bb _builder_version=\u00a0\u00bb4.7.7&Prime; _module_preset=\u00a0\u00bbdefault\u00a0\u00bb custom_margin=\u00a0\u00bb80px||||false|false\u00a0\u00bb][et_pb_fullwidth_header title=\u00a0\u00bbNos services\u00a0\u00bb _builder_version=\u00a0\u00bb4.7.7&Prime; _module_preset=\u00a0\u00bbdefault\u00a0\u00bb title_level=\u00a0\u00bbh4&Prime; title_font=\u00a0\u00bb||||||||\u00a0\u00bb title_font_size=\u00a0\u00bb36px\u00a0\u00bb title_letter_spacing=\u00a0\u00bb1px\u00a0\u00bb content_font=\u00a0\u00bb|700|||||||\u00a0\u00bb content_font_size=\u00a0\u00bb20px\u00a0\u00bb background_image=\u00a0\u00bbhttps:\/\/www.cso.finance\/wp-content\/uploads\/2020\/12\/page-heading-bg.jpg\u00a0\u00bb custom_padding=\u00a0\u00bb0px||||false|false\u00a0\u00bb]Allier la comp\u00e9tence et l&rsquo;ind\u00e9pendance : nous sommes votre conseil, de la strat\u00e9gie financi\u00e8re au volet op\u00e9rationnel[\/et_pb_fullwidth_header][\/et_pb_section][et_pb_section fb_built=\u00a0\u00bb1&Prime; _builder_version=\u00a0\u00bb4.7.7&Prime; _module_preset=\u00a0\u00bbdefault\u00a0\u00bb][et_pb_row _builder_version=\u00a0\u00bb4.7.7&Prime; _module_preset=\u00a0\u00bbdefault\u00a0\u00bb][et_pb_column type=\u00a0\u00bb4_4&Prime; _builder_version=\u00a0\u00bb4.7.7&Prime; _module_preset=\u00a0\u00bbdefault\u00a0\u00bb][et_pb_tabs active_tab_background_color=\u00a0\u00bb#0C71C3&Prime; inactive_tab_background_color=\u00a0\u00bb#dddddd\u00a0\u00bb active_tab_text_color=\u00a0\u00bb#FFFFFF\u00a0\u00bb module_id=\u00a0\u00bbtabs-id\u00a0\u00bb module_class=\u00a0\u00bbcustom-tabs\u00a0\u00bb _builder_version=\u00a0\u00bb4.7.7&Prime; _module_preset=\u00a0\u00bbdefault\u00a0\u00bb tab_text_color=\u00a0\u00bb#0C71C3&Prime;][et_pb_tab title=\u00a0\u00bbAccompagner Vos Op\u00e9rations Strat\u00e9giques\u00a0\u00bb _builder_version=\u00a0\u00bb4.7.7&Prime; _module_preset=\u00a0\u00bbdefault\u00a0\u00bb link_option_url_new_window=\u00a0\u00bbon\u00a0\u00bb]<\/p>\n<article id=\"tabs-1\"><img decoding=\"async\" src=\"\/wp-content\/uploads\/2020\/12\/single_service_01.jpg\" alt=\"\" \/><span><\/span><\/p>\n<p>&nbsp;<\/p>\n<h1>Avec CSO.finance, faites du financement un alli\u00e9 de votre <b>strat\u00e9gie<\/b>\u00a0:<\/h1>\n<ul>\n<li>Nous nous assurons d\u2019abord de bien comprendre votre soci\u00e9t\u00e9, son contexte de march\u00e9 et ses probl\u00e9matiques.<\/li>\n<li>Ensuite, nous menons ensemble une analyse strat\u00e9gique de vos objectifs<\/li>\n<li>Ce qui nous permet de vous proposer des solutions financi\u00e8res adapt\u00e9es<\/li>\n<li>Nous posons clairement les co\u00fbts et les difficult\u00e9s, les avantages et inconv\u00e9nients de chaque approche<\/li>\n<li>Vous permettant de choisir le meilleur chemin strat\u00e9gique pour atteindre vos objectifs professionnels et patrimoniaux<\/li>\n<\/ul>\n<p align=\"justify\">Cette approche vous permet de vous poser les bonnes questions (votre niveau strat\u00e9gique) avec un interlocuteur qui est un v\u00e9ritable \u00ab sparring partner \u00bb.<\/p>\n<p align=\"justify\">En effet, en tant qu\u2019entrepreneur vous \u00eates souvent focalis\u00e9s sur vos actifs. Nous vous aidons \u00e0 adapter votre passif financier \u00e0 vos objectifs, ce qui accroit la flexibilit\u00e9 financi\u00e8re de l\u2019entreprise, et favorise votre croissance et dynamise votre approche patrimoniale.<\/p>\n<p align=\"justify\">Notre exp\u00e9rience vous permet d\u2019avancer sur vos enjeux en utilisant le volet financier non plus comme une contrainte mais comme un v\u00e9ritable facteur d\u2019opportunit\u00e9s, un outil \u00e0 votre service.<\/p>\n<\/article>\n<p>[\/et_pb_tab][et_pb_tab title=\u00a0\u00bbStructuration de Financements %22sur-mesure%22&Prime; _builder_version=\u00a0\u00bb4.7.7&Prime; _module_preset=\u00a0\u00bbdefault\u00a0\u00bb]<\/p>\n<article id=\"tabs-2\"><img decoding=\"async\" src=\"\/wp-content\/uploads\/2020\/12\/single_service_02.jpg\" alt=\"\" \/><span><\/span><\/p>\n<p>&nbsp;<\/p>\n<p>\u00a0<span style=\"color: #333333; font-size: 30px;\">Avec CSO.finance, faites du financement un vecteur de votre <\/span><b style=\"color: #333333; font-size: 30px;\">agilit\u00e9<\/b><span style=\"color: #333333; font-size: 30px;\">\u00a0:<\/span><\/p>\n<p align=\"justify\">Il existe de nombreuses voies pour financer un m\u00eame besoin&#8230; mais elles sont rarement \u00e9quivalentes. Par exemple, un financement de BFR \u00e0 court terme peut utiliser une ligne de tr\u00e9sorerie, du d\u00e9couvert, un financement du poste client ou un financement de stocks &#8230; lequel est le plus adapt\u00e9 ?<\/p>\n<p>Une bonne ma\u00eetrise technique des outils financiers crois\u00e9e avec une bonne compr\u00e9hension de l&rsquo;entreprise permet\u00a0:<\/p>\n<ul>\n<li>De faciliter la lev\u00e9e des financements, et d&rsquo;optimiser leur co\u00fbt<\/li>\n<li>D&rsquo;adapter les utilisations au plus pr\u00e8s des besoins pour am\u00e9liorer les co\u00fbts mais aussi la flexibilit\u00e9<\/li>\n<li align=\"justify\">De \u00ab variabiliser \u00bb son passif autant que son actif pour affronter les difficult\u00e9s mais aussi doper la croissance car paradoxalement les deux cas sont aussi contraignants !<\/li>\n<li align=\"justify\">Sans oublier qu\u2019une bonne structuration permet de d\u00e9faire \u00e0 moindre co\u00fbt ce qui a \u00e9t\u00e9 mis en place, pour r\u00e9adapter vos passifs financiers lorsque le contexte change.<\/li>\n<\/ul>\n<\/article>\n<p>[\/et_pb_tab][et_pb_tab title=\u00a0\u00bbN\u00e9gociation et Mise En Place\u00a0\u00bb _builder_version=\u00a0\u00bb4.7.7&Prime; _module_preset=\u00a0\u00bbdefault\u00a0\u00bb]<\/p>\n<article id=\"tabs-3\">\n<p><img decoding=\"async\" src=\"\/wp-content\/uploads\/2020\/12\/single_service_03.jpg\" alt=\"\" \/><span><\/span><\/p>\n<h1>Avec CSO.finance, faites du financement<br \/> un acc\u00e9l\u00e9rateur de votre <b>performance<\/b>\u00a0:<\/h1>\n<p align=\"justify\">La r\u00e9ussite des op\u00e9rations financi\u00e8res d\u00e9pend beaucoup de choix techniques complexes : juridique, comptable, r\u00e9glementaire\u2026 C\u2019est aussi le cas des aspects contractuels :\u00a0<\/p>\n<ul>\n<li align=\"justify\">Un contrat de financement se n\u00e9gocie finement pour s&rsquo;adapter \u00e0 votre besoin,<\/li>\n<li align=\"justify\">Trouver un \u00e9quilibre relationnel et \u00e9conomique permet d&rsquo;envisager la croissance future sur des bases solides<\/li>\n<li align=\"justify\">Mais aussi d&rsquo;anticiper des difficult\u00e9s qui &#8211; bien g\u00e9r\u00e9es &#8211; sont finalement des occasions de renforcer vos relations avec les financeurs (voire d&rsquo;en faire des partenaires de long terme !)<\/li>\n<li align=\"justify\">Les financeurs ont \u00e9galement des contraintes (bilantielles et r\u00e9glementaires),et bien les comprendre permet lors de la n\u00e9gociation de gagner du temps et de l\u2019efficacit\u00e9 op\u00e9rationnelle.<\/li>\n<\/ul>\n<p align=\"justify\">Des \u00ab covenants \u00bb aux \u00ab engagements de faire \u00bb, de la communication financi\u00e8re aux \u00abRemboursement anticip\u00e9s \u00bb, de la r\u00e9daction des clauses \u00e0 leur \u00e9quilibre global, un contrat de cr\u00e9dit vous engage sur plusieurs ann\u00e9es \u2026 Et le prix (au niveau actuel des taux en tout cas) est souvent moins essentiel que les contraintes et les co\u00fbts cach\u00e9s qui en d\u00e9coulent.<br \/> Un \u00e9quilibre r\u00e9dactionnel et une vision claire des enjeux financiers r\u00e9duisent l\u2019\u00e9cart entre les parties (plus encore dans un cr\u00e9dit en pool ou syndiqu\u00e9) et vous donnent un avantage crucial dans les moments cl\u00e9s.<\/p>\n<p align=\"justify\"><span style=\"font-size: 14px;\">En effet, des relations plus stables et moins conflictuelles, des \u00e9quilibres plus solides sont autant d&rsquo;atouts au moment d&rsquo;envisager des options possibles : vente, acquisitions, nouveaux march\u00e9s ou financements de croissance, ouverture du capital&#8230;<\/span><\/p>\n<p align=\"justify\">(NB on parle souvent de \u00ab\u00a0demande de\u00a0waivers\u00a0\u00bb, des adaptations ou suspensions temporaires que les financeurs peuvent accepter)<\/p>\n<\/article>\n<p>[\/et_pb_tab][\/et_pb_tabs][\/et_pb_column][\/et_pb_row][\/et_pb_section][et_pb_section fb_built=\u00a0\u00bb1&Prime; _builder_version=\u00a0\u00bb4.7.7&Prime; _module_preset=\u00a0\u00bbdefault\u00a0\u00bb background_image=\u00a0\u00bbhttps:\/\/www.cso.finance\/wp-content\/uploads\/2020\/12\/fun-facts-bg.jpg\u00a0\u00bb locked=\u00a0\u00bboff\u00a0\u00bb][et_pb_row column_structure=\u00a0\u00bb1_2,1_2&Prime; _builder_version=\u00a0\u00bb4.7.7&Prime; _module_preset=\u00a0\u00bbdefault\u00a0\u00bb][et_pb_column type=\u00a0\u00bb1_2&Prime; _builder_version=\u00a0\u00bb4.7.7&Prime; _module_preset=\u00a0\u00bbdefault\u00a0\u00bb][et_pb_text _builder_version=\u00a0\u00bb4.7.7&Prime; _module_preset=\u00a0\u00bbdefault\u00a0\u00bb text_font=\u00a0\u00bb||||||||\u00a0\u00bb text_text_color=\u00a0\u00bb#FFFFFF\u00a0\u00bb text_font_size=\u00a0\u00bb20px\u00a0\u00bb header_2_font=\u00a0\u00bb|700|||||||\u00a0\u00bb header_2_letter_spacing=\u00a0\u00bb1px\u00a0\u00bb header_3_font=\u00a0\u00bbPrata||||||||\u00a0\u00bb text_orientation=\u00a0\u00bbjustified\u00a0\u00bb]<\/p>\n<h2 style=\"color: #ffffff;\">Nos conditions d\u2019interventions :<\/h2>\n<p style=\"color: #ffffff;\">\n<p align=\"justify\"><span face=\"Times New Roman, serif\" style=\"font-family: 'Times New Roman', serif;\"><span size=\"3\" style=\"font-size: medium;\"><span face=\"Arial, serif\" style=\"font-family: Arial, serif;\"><span size=\"4\" style=\"font-size: large;\">Notre r\u00e9mun\u00e9ration est essentiellement \u00ab\u00a0au succ\u00e8s\u00a0\u00bb : apr\u00e8s un premier contact pour comprendre votre situation et votre besoin, nous d\u00e9terminons ce que nous pouvons vous apporter \u2013 ou non \u2013 dans cette situation.<\/span><\/span><\/span><\/span><\/p>\n<p align=\"justify\"><span face=\"Times New Roman, serif\" style=\"font-family: 'Times New Roman', serif;\"><span size=\"3\" style=\"font-size: medium;\"><span face=\"Arial, serif\" style=\"font-family: Arial, serif;\"><span size=\"4\" style=\"font-size: large;\">Nous d\u00e9finissons ensuite dans un \u00ab mandat de conseil \u00bb la tarification adapt\u00e9e \u00e0 la mission, et la commission de succ\u00e8s qui r\u00e9mun\u00e8rera le travail accompli. <\/span><\/span><\/span><\/span><\/p>\n<p align=\"justify\"><span face=\"Times New Roman, serif\" style=\"font-family: 'Times New Roman', serif;\"><span size=\"3\" style=\"font-size: medium;\"><span face=\"Arial, serif\" style=\"font-family: Arial, serif;\"><span size=\"4\" style=\"font-size: large;\">Cette commission d\u00e9pend de la taille de l\u2019op\u00e9ration envisag\u00e9e et de sa complexit\u00e9.<\/span><\/span><\/span><\/span><\/p>\n<p align=\"justify\"><span face=\"Times New Roman, serif\" style=\"font-family: 'Times New Roman', serif;\"><span size=\"3\" style=\"font-size: medium;\"><span face=\"Arial, serif\" style=\"font-family: Arial, serif;\"><span size=\"4\" style=\"font-size: large;\">Cette structure de r\u00e9mun\u00e9ration garantit notre parfait alignement d\u2019int\u00e9r\u00eat.<\/span><\/span><\/span><\/span><\/p>\n<p>[\/et_pb_text][\/et_pb_column][et_pb_column type=\u00a0\u00bb1_2&Prime; _builder_version=\u00a0\u00bb4.7.7&Prime; _module_preset=\u00a0\u00bbdefault\u00a0\u00bb][et_pb_image src=\u00a0\u00bbhttps:\/\/www.cso.finance\/wp-content\/uploads\/2020\/12\/law-firm-07.jpg\u00a0\u00bb title_text=\u00a0\u00bblaw-firm-07&Prime; align=\u00a0\u00bbcenter\u00a0\u00bb _builder_version=\u00a0\u00bb4.7.7&Prime; _module_preset=\u00a0\u00bbdefault\u00a0\u00bb][\/et_pb_image][\/et_pb_column][\/et_pb_row][\/et_pb_section]<\/p>\n","protected":false},"excerpt":{"rendered":"<p>Allier la comp\u00e9tence et l&rsquo;ind\u00e9pendance : nous sommes votre conseil, de la strat\u00e9gie financi\u00e8re au volet op\u00e9rationnel &nbsp; Avec CSO.finance, faites du financement un alli\u00e9 de votre strat\u00e9gie\u00a0: Nous nous assurons d\u2019abord de bien comprendre votre soci\u00e9t\u00e9, son contexte de march\u00e9 et ses probl\u00e9matiques. Ensuite, nous menons ensemble une analyse strat\u00e9gique de vos objectifs Ce [&hellip;]<\/p>\n","protected":false},"author":1,"featured_media":0,"parent":0,"menu_order":0,"comment_status":"closed","ping_status":"closed","template":"","meta":{"_et_pb_use_builder":"on","_et_pb_old_content":"","_et_gb_content_width":""},"_links":{"self":[{"href":"https:\/\/www.cso.finance\/index.php\/wp-json\/wp\/v2\/pages\/96"}],"collection":[{"href":"https:\/\/www.cso.finance\/index.php\/wp-json\/wp\/v2\/pages"}],"about":[{"href":"https:\/\/www.cso.finance\/index.php\/wp-json\/wp\/v2\/types\/page"}],"author":[{"embeddable":true,"href":"https:\/\/www.cso.finance\/index.php\/wp-json\/wp\/v2\/users\/1"}],"replies":[{"embeddable":true,"href":"https:\/\/www.cso.finance\/index.php\/wp-json\/wp\/v2\/comments?post=96"}],"version-history":[{"count":38,"href":"https:\/\/www.cso.finance\/index.php\/wp-json\/wp\/v2\/pages\/96\/revisions"}],"predecessor-version":[{"id":478,"href":"https:\/\/www.cso.finance\/index.php\/wp-json\/wp\/v2\/pages\/96\/revisions\/478"}],"wp:attachment":[{"href":"https:\/\/www.cso.finance\/index.php\/wp-json\/wp\/v2\/media?parent=96"}],"curies":[{"name":"wp","href":"https:\/\/api.w.org\/{rel}","templated":true}]}}