{"id":462,"date":"2021-01-14T12:28:25","date_gmt":"2021-01-14T11:28:25","guid":{"rendered":"https:\/\/www.cso.finance\/?page_id=462"},"modified":"2021-01-14T12:28:25","modified_gmt":"2021-01-14T11:28:25","slug":"politique-de-confidentialite-2","status":"publish","type":"page","link":"https:\/\/www.cso.finance\/index.php\/politique-de-confidentialite-2\/","title":{"rendered":"Politique de Confidentialit\u00e9"},"content":{"rendered":"<p>[et_pb_section fb_built=\u00a0\u00bb1&Prime; fullwidth=\u00a0\u00bbon\u00a0\u00bb _builder_version=\u00a0\u00bb4.7.7&Prime; _module_preset=\u00a0\u00bbdefault\u00a0\u00bb custom_margin=\u00a0\u00bb80px||||false|false\u00a0\u00bb custom_padding=\u00a0\u00bb||||false|false\u00a0\u00bb locked=\u00a0\u00bboff\u00a0\u00bb][et_pb_fullwidth_header title=\u00a0\u00bbPolitique de Confidentialit\u00e9\u00a0\u00bb _builder_version=\u00a0\u00bb4.7.7&Prime; _module_preset=\u00a0\u00bbdefault\u00a0\u00bb title_font=\u00a0\u00bb||||||||\u00a0\u00bb title_font_size=\u00a0\u00bb60px\u00a0\u00bb title_letter_spacing=\u00a0\u00bb1px\u00a0\u00bb content_font=\u00a0\u00bb|700|||||||\u00a0\u00bb content_font_size=\u00a0\u00bb20px\u00a0\u00bb background_image=\u00a0\u00bbhttps:\/\/www.cso.finance\/wp-content\/uploads\/2020\/12\/page-heading-bg.jpg\u00a0\u00bb custom_padding=\u00a0\u00bb0px||||false|false\u00a0\u00bb hover_enabled=\u00a0\u00bb0&Prime; custom_margin=\u00a0\u00bb80px||||false|false\u00a0\u00bb sticky_enabled=\u00a0\u00bb0&Prime;][\/et_pb_fullwidth_header][\/et_pb_section][et_pb_section fb_built=\u00a0\u00bb1&Prime; _builder_version=\u00a0\u00bb4.7.7&Prime; _module_preset=\u00a0\u00bbdefault\u00a0\u00bb][et_pb_row _builder_version=\u00a0\u00bb4.7.7&Prime; _module_preset=\u00a0\u00bbdefault\u00a0\u00bb][et_pb_column _builder_version=\u00a0\u00bb4.7.7&Prime; _module_preset=\u00a0\u00bbdefault\u00a0\u00bb type=\u00a0\u00bb4_4&Prime;][et_pb_text _builder_version=\u00a0\u00bb4.7.7&Prime; _module_preset=\u00a0\u00bbdefault\u00a0\u00bb text_font_size=\u00a0\u00bb24px\u00a0\u00bb hover_enabled=\u00a0\u00bb0&Prime; sticky_enabled=\u00a0\u00bb0&Prime; header_font_size=\u00a0\u00bb36px\u00a0\u00bb header_2_font_size=\u00a0\u00bb40px\u00a0\u00bb background_color=\u00a0\u00bb#FFFFFF\u00a0\u00bb header_2_text_color=\u00a0\u00bb#0c93f9&Prime; header_text_color=\u00a0\u00bb#0c71c3&Prime;]<\/p>\n<h1>\u00c9diteur du site &#8211; H\u00e9bergement<\/h1>\n<p>Le pr\u00e9sent site est \u00e9dit\u00e9 par la soci\u00e9t\u00e9 CSO finance SAS.<br \/> La plate-forme technique est fournie par la soci\u00e9t\u00e9 OVH, 140 Quai du Sartel, 59100 Roubaix.<\/p>\n<h1>Propri\u00e9t\u00e9 intellectuelle<\/h1>\n<p> L&rsquo;ensemble de ce site rel\u00e8ve de la l\u00e9gislation fran\u00e7aise et internationale sur le droit d&rsquo;auteur et la propri\u00e9t\u00e9 intellectuelle. Tous les droits de reproduction sont r\u00e9serv\u00e9s. La reproduction ou repr\u00e9sentation, int\u00e9grale ou partielle, de ce site sur un support \u00e9lectronique ou tout autre support quel qu&rsquo;il soit est formellement interdite, sauf autorisation expresse de l\u2019Editeur.<\/p>\n<h1>Modifications des mentions l\u00e9gales &#8211; Force majeure<\/h1>\n<p> L&rsquo;\u00e9diteur se r\u00e9serve le droit de modifier, librement et \u00e0 tout moment, les mentions l\u00e9gales du site. L&rsquo;utilisation du site constitue l&rsquo;acceptation des mentions l\u00e9gales en vigueur.<br \/> La responsabilit\u00e9 de l\u2019Editeur ne pourra \u00eatre engag\u00e9e en cas de force majeure ou de faits ind\u00e9pendants de sa volont\u00e9.<\/p>\n<h1>Loi applicable<\/h1>\n<p>Le pr\u00e9sent site est r\u00e9gi par la loi fran\u00e7aise. En cas de r\u00e9clamation ou de litige, les parties s&rsquo;engagent \u00e0 rechercher un arrangement amiable. A d\u00e9faut d&rsquo;y parvenir dans un d\u00e9lai de trois mois, il est fait attribution exclusive de juridiction aux tribunaux comp\u00e9tents de Paris, et ce, y compris en cas de r\u00e9f\u00e9r\u00e9, de requ\u00eate ou de pluralit\u00e9 de d\u00e9fendeurs.<\/p>\n<h1>Liens hypertextes vers des sites tiers<\/h1>\n<p>Le site propose des liens hypertextes pointant vers des sites Internet \u00e9dit\u00e9s par des tiers. La mise en place de ces liens ne signifie pas l\u2019approbation par l\u2019\u00e9diteur du contenu des dits sites. L\u2019Editeur ne peut garantir l\u2019exactitude, la fiabilit\u00e9, la pertinence, la mise \u00e0 jour, ou l\u2019exhaustivit\u00e9 de leur contenu ; leur acc\u00e8s et bon fonctionnement technique. Par cons\u00e9quent, la responsabilit\u00e9 de l\u2019Editeur ne pourra \u00eatre engag\u00e9e en cas d\u2019\u00e9ventuel litige entre un site r\u00e9f\u00e9renc\u00e9 sur le site et un Utilisateur. Seule la responsabilit\u00e9 des \u00e9diteurs des sites r\u00e9f\u00e9renc\u00e9s sur le site pourra \u00eatre engag\u00e9e.<\/p>\n<h1>Contenus<\/h1>\n<p> Le site propose un contenu \u00e9ditorial dans un seul but documentaire et \u00e0 titre indicatif. Ce contenu doit \u00eatre pris comme un \u00e9l\u00e9ment de r\u00e9flexion uniquement. Les Utilisateurs sont invit\u00e9s par l\u2019Editeur \u00e0 exploiter ces informations avec un esprit critique et \u00e0 effectuer leurs propres v\u00e9rifications avant toute utilisation d&rsquo;informations fournies par le site.<\/p>\n<h1>Cookies<\/h1>\n<p> L\u2019Editeur peut utiliser des cookies et autres technologies similaires sur ce site pour recueillir des donn\u00e9es de Navigation. En continuant \u00e0 naviguer sur ce site, vous consentez au placement et \u00e0 l&rsquo;utilisation de cookies et de technologies similaires, \u00e0 l\u2019usage exclusif de l\u2019Editeur.<\/p>\n<p>[\/et_pb_text][\/et_pb_column][\/et_pb_row][\/et_pb_section]<\/p>\n","protected":false},"excerpt":{"rendered":"<p>\u00c9diteur du site &#8211; H\u00e9bergement Le pr\u00e9sent site est \u00e9dit\u00e9 par la soci\u00e9t\u00e9 CSO finance SAS. La plate-forme technique est fournie par la soci\u00e9t\u00e9 OVH, 140 Quai du Sartel, 59100 Roubaix. Propri\u00e9t\u00e9 intellectuelle L&rsquo;ensemble de ce site rel\u00e8ve de la l\u00e9gislation fran\u00e7aise et internationale sur le droit d&rsquo;auteur et la propri\u00e9t\u00e9 intellectuelle. Tous les droits [&hellip;]<\/p>\n","protected":false},"author":1,"featured_media":0,"parent":0,"menu_order":0,"comment_status":"closed","ping_status":"closed","template":"","meta":{"_et_pb_use_builder":"on","_et_pb_old_content":"","_et_gb_content_width":""},"_links":{"self":[{"href":"https:\/\/www.cso.finance\/index.php\/wp-json\/wp\/v2\/pages\/462"}],"collection":[{"href":"https:\/\/www.cso.finance\/index.php\/wp-json\/wp\/v2\/pages"}],"about":[{"href":"https:\/\/www.cso.finance\/index.php\/wp-json\/wp\/v2\/types\/page"}],"author":[{"embeddable":true,"href":"https:\/\/www.cso.finance\/index.php\/wp-json\/wp\/v2\/users\/1"}],"replies":[{"embeddable":true,"href":"https:\/\/www.cso.finance\/index.php\/wp-json\/wp\/v2\/comments?post=462"}],"version-history":[{"count":2,"href":"https:\/\/www.cso.finance\/index.php\/wp-json\/wp\/v2\/pages\/462\/revisions"}],"predecessor-version":[{"id":465,"href":"https:\/\/www.cso.finance\/index.php\/wp-json\/wp\/v2\/pages\/462\/revisions\/465"}],"wp:attachment":[{"href":"https:\/\/www.cso.finance\/index.php\/wp-json\/wp\/v2\/media?parent=462"}],"curies":[{"name":"wp","href":"https:\/\/api.w.org\/{rel}","templated":true}]}}