{"id":19,"date":"2020-12-14T17:17:24","date_gmt":"2020-12-14T16:17:24","guid":{"rendered":"http:\/\/www.cso.finance\/?page_id=19"},"modified":"2021-01-14T12:10:35","modified_gmt":"2021-01-14T11:10:35","slug":"a-propos-de","status":"publish","type":"page","link":"https:\/\/www.cso.finance\/index.php\/a-propos-de\/","title":{"rendered":"Qui sommes-nous ?"},"content":{"rendered":"<p>[et_pb_section fb_built=\u00a0\u00bb1&Prime; fullwidth=\u00a0\u00bbon\u00a0\u00bb _builder_version=\u00a0\u00bb4.7.7&Prime; _module_preset=\u00a0\u00bbdefault\u00a0\u00bb custom_margin=\u00a0\u00bb80px||||false|false\u00a0\u00bb custom_padding=\u00a0\u00bb||||false|false\u00a0\u00bb][et_pb_fullwidth_header title=\u00a0\u00bbQui sommes-nous ?\u00a0\u00bb _builder_version=\u00a0\u00bb4.7.7&Prime; _module_preset=\u00a0\u00bbdefault\u00a0\u00bb title_font=\u00a0\u00bb||||||||\u00a0\u00bb title_font_size=\u00a0\u00bb36px\u00a0\u00bb title_letter_spacing=\u00a0\u00bb1px\u00a0\u00bb content_font=\u00a0\u00bb|700|||||||\u00a0\u00bb content_font_size=\u00a0\u00bb20px\u00a0\u00bb background_image=\u00a0\u00bbhttps:\/\/www.cso.finance\/wp-content\/uploads\/2020\/12\/page-heading-bg.jpg\u00a0\u00bb custom_padding=\u00a0\u00bb0px||||false|false\u00a0\u00bb]<\/p>\n<p><span>25 d&rsquo;exp\u00e9rience \u00e0 votre service et de solides r\u00e9f\u00e9rences en financement<\/span><\/p>\n<p>[\/et_pb_fullwidth_header][\/et_pb_section][et_pb_section fb_built=\u00a0\u00bb1&Prime; _builder_version=\u00a0\u00bb4.7.7&Prime; _module_preset=\u00a0\u00bbdefault\u00a0\u00bb][et_pb_row column_structure=\u00a0\u00bb1_2,1_2&Prime; _builder_version=\u00a0\u00bb4.7.7&Prime; _module_preset=\u00a0\u00bbdefault\u00a0\u00bb][et_pb_column type=\u00a0\u00bb1_2&Prime; _builder_version=\u00a0\u00bb4.7.7&Prime; _module_preset=\u00a0\u00bbdefault\u00a0\u00bb][et_pb_image src=\u00a0\u00bbhttps:\/\/www.cso.finance\/wp-content\/uploads\/2021\/01\/eric.jpg\u00a0\u00bb title_text=\u00a0\u00bberic\u00a0\u00bb align=\u00a0\u00bbcenter\u00a0\u00bb _builder_version=\u00a0\u00bb4.7.7&Prime; _module_preset=\u00a0\u00bbdefault\u00a0\u00bb max_height=\u00a0\u00bb400px\u00a0\u00bb][\/et_pb_image][et_pb_text _builder_version=\u00a0\u00bb4.7.7&Prime; _module_preset=\u00a0\u00bbdefault\u00a0\u00bb text_font=\u00a0\u00bb||||||||\u00a0\u00bb text_font_size=\u00a0\u00bb20px\u00a0\u00bb header_font=\u00a0\u00bb||||||||\u00a0\u00bb header_font_size=\u00a0\u00bb36px\u00a0\u00bb header_2_font=\u00a0\u00bb||||||||\u00a0\u00bb text_orientation=\u00a0\u00bbjustified\u00a0\u00bb]<\/p>\n<h2>Eric Fondecave<\/h2>\n<h4 style=\"color: #0055ff;\"><b> Fondateur <\/b><\/h4>\n<p>Une exp\u00e9rience de Fusions &amp; Acquisitions, mais \u00e9galement de financement d&rsquo;entreprises (des PME aux grands comptes et ETI), et 15 ans pass\u00e9s \u00e0 apporter des solutions structur\u00e9es de financements \u00e0 de nombreux clients : acquisitions, refinancements, OBO, LBO, cr\u00e9dits en pools de 10 \u00e0 100 m\u20ac, financements d&rsquo;actifs et dette priv\u00e9e&#8230; pour r\u00e9aliser plusieurs dizaines d&rsquo;op\u00e9rations sur-mesure, des plus classiques aux plus complexes.<\/p>\n<p>[\/et_pb_text][\/et_pb_column][et_pb_column type=\u00a0\u00bb1_2&Prime; _builder_version=\u00a0\u00bb4.7.7&Prime; _module_preset=\u00a0\u00bbdefault\u00a0\u00bb][et_pb_number_counter title=\u00a0\u00bbDeals r\u00e9alis\u00e9s\u00a0\u00bb number=\u00a0\u00bb117&Prime; percent_sign=\u00a0\u00bboff\u00a0\u00bb _builder_version=\u00a0\u00bb4.7.7&Prime; title_font=\u00a0\u00bb||||||||\u00a0\u00bb number_font=\u00a0\u00bbPrata||||||||\u00a0\u00bb number_text_color=\u00a0\u00bb#ffba60&Prime; number_font_size=\u00a0\u00bb80px\u00a0\u00bb custom_margin=\u00a0\u00bb50px||||false|false\u00a0\u00bb locked=\u00a0\u00bboff\u00a0\u00bb][\/et_pb_number_counter][et_pb_number_counter title=\u00a0\u00bbAnn\u00e9es d&rsquo;exp\u00e9rience\u00a0\u00bb number=\u00a0\u00bb25&Prime; percent_sign=\u00a0\u00bboff\u00a0\u00bb _builder_version=\u00a0\u00bb4.7.7&Prime; title_font=\u00a0\u00bb||||||||\u00a0\u00bb number_font=\u00a0\u00bbPrata||||||||\u00a0\u00bb number_text_color=\u00a0\u00bb#ffba60&Prime; number_font_size=\u00a0\u00bb80px\u00a0\u00bb custom_margin=\u00a0\u00bb120px||||false|false\u00a0\u00bb locked=\u00a0\u00bboff\u00a0\u00bb][\/et_pb_number_counter][\/et_pb_column][\/et_pb_row][\/et_pb_section]<\/p>\n","protected":false},"excerpt":{"rendered":"<p>25 d&rsquo;exp\u00e9rience \u00e0 votre service et de solides r\u00e9f\u00e9rences en financementEric Fondecave Fondateur Une exp\u00e9rience de Fusions &amp; Acquisitions, mais \u00e9galement de financement d&rsquo;entreprises (des PME aux grands comptes et ETI), et 15 ans pass\u00e9s \u00e0 apporter des solutions structur\u00e9es de financements \u00e0 de nombreux clients : acquisitions, refinancements, OBO, LBO, cr\u00e9dits en pools de [&hellip;]<\/p>\n","protected":false},"author":1,"featured_media":0,"parent":0,"menu_order":0,"comment_status":"closed","ping_status":"closed","template":"","meta":{"_et_pb_use_builder":"on","_et_pb_old_content":"<!-- wp:paragraph -->\n<p>Vous pourriez \u00eatre un artiste et vouloir pr\u00e9senter vos travaux et vous m\u00eame ou encore \u00eatre une entreprise avec une mission \u00e0 promouvoir.<\/p>\n<!-- \/wp:paragraph -->","_et_gb_content_width":""},"_links":{"self":[{"href":"https:\/\/www.cso.finance\/index.php\/wp-json\/wp\/v2\/pages\/19"}],"collection":[{"href":"https:\/\/www.cso.finance\/index.php\/wp-json\/wp\/v2\/pages"}],"about":[{"href":"https:\/\/www.cso.finance\/index.php\/wp-json\/wp\/v2\/types\/page"}],"author":[{"embeddable":true,"href":"https:\/\/www.cso.finance\/index.php\/wp-json\/wp\/v2\/users\/1"}],"replies":[{"embeddable":true,"href":"https:\/\/www.cso.finance\/index.php\/wp-json\/wp\/v2\/comments?post=19"}],"version-history":[{"count":14,"href":"https:\/\/www.cso.finance\/index.php\/wp-json\/wp\/v2\/pages\/19\/revisions"}],"predecessor-version":[{"id":458,"href":"https:\/\/www.cso.finance\/index.php\/wp-json\/wp\/v2\/pages\/19\/revisions\/458"}],"wp:attachment":[{"href":"https:\/\/www.cso.finance\/index.php\/wp-json\/wp\/v2\/media?parent=19"}],"curies":[{"name":"wp","href":"https:\/\/api.w.org\/{rel}","templated":true}]}}